{"id":2,"date":"2019-02-07T12:57:21","date_gmt":"2019-02-07T12:57:21","guid":{"rendered":"https:\/\/bulkteknik.se\/?page_id=2"},"modified":"2024-10-22T08:56:25","modified_gmt":"2024-10-22T06:56:25","slug":"sample-page","status":"publish","type":"page","link":"https:\/\/bulkteknik.se\/sv\/","title":{"rendered":"Startsida"},"content":{"rendered":"<h1 class=\"title-section__title\">Helhetsl\u00f6sningar f\u00f6r effektiv hantering av bulkmaterial<\/h1>\n<p class=\"title-section__text\">Bulkteknik Sweden levererar kompletta anl\u00e4ggningar f\u00f6r rationell hantering av torra bulkvaror. Vi tar ansvar f\u00f6r alla steg p\u00e5 v\u00e4gen, fr\u00e5n projektering till drift. Vi \u00e4r en av skandinaviens ledande\u00a0akt\u00f6rer med \u00f6ver tjugo \u00e5rs erfarenhet och kompetens inom alla t\u00e4nkbara branschomr\u00e5den.<\/p>\n<p>Spannm\u00e5l, cement, kalk, pellets eller kaffe. Oavsett bulkvara levererar vi p\u00e5 Bulkteknik kostnadseffektiva och drifts\u00e4kra l\u00f6sningar anpassade f\u00f6r just ditt behov.<\/p>\n<p><img decoding=\"async\" class=\"alignleft wp-image-864 size-medium\" title=\"gasell logo rgb liggande krans 2024\" src=\"https:\/\/bulkteknik.se\/wp-content\/uploads\/2024\/10\/gasell-logo-rgb-liggande-krans-2024-300x138.png\" alt=\"gasell logo rgb liggande krans 2024\" width=\"300\" height=\"138\" srcset=\"https:\/\/bulkteknik.se\/wp-content\/uploads\/2024\/10\/gasell-logo-rgb-liggande-krans-2024-300x138.png 300w, https:\/\/bulkteknik.se\/wp-content\/uploads\/2024\/10\/gasell-logo-rgb-liggande-krans-2024-1024x471.png 1024w, https:\/\/bulkteknik.se\/wp-content\/uploads\/2024\/10\/gasell-logo-rgb-liggande-krans-2024-768x353.png 768w, https:\/\/bulkteknik.se\/wp-content\/uploads\/2024\/10\/gasell-logo-rgb-liggande-krans-2024-1536x706.png 1536w, https:\/\/bulkteknik.se\/wp-content\/uploads\/2024\/10\/gasell-logo-rgb-liggande-krans-2024-2048x942.png 2048w\" sizes=\"(max-width: 300px) 100vw, 300px\" \/><img decoding=\"async\" class=\"alignleft wp-image-838 size-medium\" title=\"gasell logo cmyk liggande krans 2023\" src=\"https:\/\/bulkteknik.se\/wp-content\/uploads\/2023\/11\/gasell-logo-rgb-liggande-krans-2023-300x138.png\" alt=\"gasell logo rgb liggande krans 2023\" width=\"300\" height=\"138\" srcset=\"https:\/\/bulkteknik.se\/wp-content\/uploads\/2023\/11\/gasell-logo-rgb-liggande-krans-2023-300x138.png 300w, https:\/\/bulkteknik.se\/wp-content\/uploads\/2023\/11\/gasell-logo-rgb-liggande-krans-2023-1024x471.png 1024w, https:\/\/bulkteknik.se\/wp-content\/uploads\/2023\/11\/gasell-logo-rgb-liggande-krans-2023-768x353.png 768w, https:\/\/bulkteknik.se\/wp-content\/uploads\/2023\/11\/gasell-logo-rgb-liggande-krans-2023-1536x706.png 1536w, https:\/\/bulkteknik.se\/wp-content\/uploads\/2023\/11\/gasell-logo-rgb-liggande-krans-2023-2048x942.png 2048w\" sizes=\"(max-width: 300px) 100vw, 300px\" \/><\/p>\n","protected":false},"excerpt":{"rendered":"<p>Helhetsl\u00f6sningar f\u00f6r effektiv hantering av bulkmaterial Bulkteknik Sweden levererar kompletta anl\u00e4ggningar f\u00f6r rationell hantering av torra bulkvaror. Vi tar ansvar f\u00f6r alla steg p\u00e5 v\u00e4gen, fr\u00e5n projektering till drift. Vi \u00e4r en av skandinaviens ledande\u00a0akt\u00f6rer med \u00f6ver tjugo \u00e5rs erfarenhet och kompetens inom alla t\u00e4nkbara branschomr\u00e5den. Spannm\u00e5l, cement, kalk, pellets eller kaffe. Oavsett bulkvara levererar<a class=\"excerpt-read-more\" href=\"https:\/\/bulkteknik.se\/sv\/\" title=\"ReadStartsida\">&#8230; Read more &raquo;<\/a><\/p>\n","protected":false},"author":1,"featured_media":0,"parent":0,"menu_order":0,"comment_status":"closed","ping_status":"closed","template":"templates\/startpage.php","meta":{"inline_featured_image":false},"acf":[],"yoast_head":"<!-- This site is optimized with the Yoast SEO plugin v19.10 - https:\/\/yoast.com\/wordpress\/plugins\/seo\/ -->\n<title>Bulkteknik - hantering av torra bulkvaror. Spannm\u00e5l, cement, pellets<\/title>\n<meta name=\"description\" content=\"Bulkteknik - f\u00f6retaget som har l\u00f6sningarna n\u00e4r det g\u00e4ller hantering av torra bulkvaror s\u00e5som spannm\u00e5l, cement, kalk, pellets o kaffe.\" \/>\n<meta name=\"robots\" content=\"index, follow, max-snippet:-1, max-image-preview:large, max-video-preview:-1\" \/>\n<link rel=\"canonical\" href=\"https:\/\/bulkteknik.se\/sv\/\" \/>\n<meta property=\"og:locale\" content=\"sv_SE\" \/>\n<meta property=\"og:type\" content=\"article\" \/>\n<meta property=\"og:title\" content=\"Bulkteknik - hantering av torra bulkvaror. Spannm\u00e5l, cement, pellets\" \/>\n<meta property=\"og:description\" content=\"Bulkteknik - f\u00f6retaget som har l\u00f6sningarna n\u00e4r det g\u00e4ller hantering av torra bulkvaror s\u00e5som spannm\u00e5l, cement, kalk, pellets o kaffe.\" \/>\n<meta property=\"og:url\" content=\"https:\/\/bulkteknik.se\/sv\/\" \/>\n<meta property=\"og:site_name\" content=\"Bulkteknik\" \/>\n<meta property=\"article:modified_time\" content=\"2024-10-22T06:56:25+00:00\" \/>\n<meta property=\"og:image\" content=\"https:\/\/bulkteknik.se\/wp-content\/uploads\/2024\/10\/gasell-logo-rgb-liggande-krans-2024-300x138.png\" \/>\n<meta name=\"twitter:card\" content=\"summary_large_image\" \/>\n<meta name=\"twitter:label1\" content=\"Ber\u00e4knad l\u00e4stid\" \/>\n\t<meta name=\"twitter:data1\" content=\"1 minut\" \/>\n<script type=\"application\/ld+json\" class=\"yoast-schema-graph\">{\"@context\":\"https:\/\/schema.org\",\"@graph\":[{\"@type\":\"WebPage\",\"@id\":\"https:\/\/bulkteknik.se\/sv\/\",\"url\":\"https:\/\/bulkteknik.se\/sv\/\",\"name\":\"Bulkteknik - hantering av torra bulkvaror. Spannm\u00e5l, cement, pellets\",\"isPartOf\":{\"@id\":\"https:\/\/bulkteknik.se\/en\/#website\"},\"datePublished\":\"2019-02-07T12:57:21+00:00\",\"dateModified\":\"2024-10-22T06:56:25+00:00\",\"description\":\"Bulkteknik - f\u00f6retaget som har l\u00f6sningarna n\u00e4r det g\u00e4ller hantering av torra bulkvaror s\u00e5som spannm\u00e5l, cement, kalk, pellets o kaffe.\",\"breadcrumb\":{\"@id\":\"https:\/\/bulkteknik.se\/sv\/#breadcrumb\"},\"inLanguage\":\"sv-SE\",\"potentialAction\":[{\"@type\":\"ReadAction\",\"target\":[\"https:\/\/bulkteknik.se\/sv\/\"]}]},{\"@type\":\"BreadcrumbList\",\"@id\":\"https:\/\/bulkteknik.se\/sv\/#breadcrumb\",\"itemListElement\":[{\"@type\":\"ListItem\",\"position\":1,\"name\":\"Home\",\"item\":\"https:\/\/bulkteknik.se\/sv\/\"},{\"@type\":\"ListItem\",\"position\":2,\"name\":\"Startsida\"}]},{\"@type\":\"WebSite\",\"@id\":\"https:\/\/bulkteknik.se\/en\/#website\",\"url\":\"https:\/\/bulkteknik.se\/en\/\",\"name\":\"Bulkteknik\",\"description\":\"Bulkmaterial\",\"potentialAction\":[{\"@type\":\"SearchAction\",\"target\":{\"@type\":\"EntryPoint\",\"urlTemplate\":\"https:\/\/bulkteknik.se\/en\/?s={search_term_string}\"},\"query-input\":\"required name=search_term_string\"}],\"inLanguage\":\"sv-SE\"}]}<\/script>\n<!-- \/ Yoast SEO plugin. -->","yoast_head_json":{"title":"Bulkteknik - hantering av torra bulkvaror. Spannm\u00e5l, cement, pellets","description":"Bulkteknik - f\u00f6retaget som har l\u00f6sningarna n\u00e4r det g\u00e4ller hantering av torra bulkvaror s\u00e5som spannm\u00e5l, cement, kalk, pellets o kaffe.","robots":{"index":"index","follow":"follow","max-snippet":"max-snippet:-1","max-image-preview":"max-image-preview:large","max-video-preview":"max-video-preview:-1"},"canonical":"https:\/\/bulkteknik.se\/sv\/","og_locale":"sv_SE","og_type":"article","og_title":"Bulkteknik - hantering av torra bulkvaror. Spannm\u00e5l, cement, pellets","og_description":"Bulkteknik - f\u00f6retaget som har l\u00f6sningarna n\u00e4r det g\u00e4ller hantering av torra bulkvaror s\u00e5som spannm\u00e5l, cement, kalk, pellets o kaffe.","og_url":"https:\/\/bulkteknik.se\/sv\/","og_site_name":"Bulkteknik","article_modified_time":"2024-10-22T06:56:25+00:00","og_image":[{"url":"https:\/\/bulkteknik.se\/wp-content\/uploads\/2024\/10\/gasell-logo-rgb-liggande-krans-2024-300x138.png"}],"twitter_card":"summary_large_image","twitter_misc":{"Ber\u00e4knad l\u00e4stid":"1 minut"},"schema":{"@context":"https:\/\/schema.org","@graph":[{"@type":"WebPage","@id":"https:\/\/bulkteknik.se\/sv\/","url":"https:\/\/bulkteknik.se\/sv\/","name":"Bulkteknik - hantering av torra bulkvaror. Spannm\u00e5l, cement, pellets","isPartOf":{"@id":"https:\/\/bulkteknik.se\/en\/#website"},"datePublished":"2019-02-07T12:57:21+00:00","dateModified":"2024-10-22T06:56:25+00:00","description":"Bulkteknik - f\u00f6retaget som har l\u00f6sningarna n\u00e4r det g\u00e4ller hantering av torra bulkvaror s\u00e5som spannm\u00e5l, cement, kalk, pellets o kaffe.","breadcrumb":{"@id":"https:\/\/bulkteknik.se\/sv\/#breadcrumb"},"inLanguage":"sv-SE","potentialAction":[{"@type":"ReadAction","target":["https:\/\/bulkteknik.se\/sv\/"]}]},{"@type":"BreadcrumbList","@id":"https:\/\/bulkteknik.se\/sv\/#breadcrumb","itemListElement":[{"@type":"ListItem","position":1,"name":"Home","item":"https:\/\/bulkteknik.se\/sv\/"},{"@type":"ListItem","position":2,"name":"Startsida"}]},{"@type":"WebSite","@id":"https:\/\/bulkteknik.se\/en\/#website","url":"https:\/\/bulkteknik.se\/en\/","name":"Bulkteknik","description":"Bulkmaterial","potentialAction":[{"@type":"SearchAction","target":{"@type":"EntryPoint","urlTemplate":"https:\/\/bulkteknik.se\/en\/?s={search_term_string}"},"query-input":"required name=search_term_string"}],"inLanguage":"sv-SE"}]}},"_links":{"self":[{"href":"https:\/\/bulkteknik.se\/sv\/wp-json\/wp\/v2\/pages\/2"}],"collection":[{"href":"https:\/\/bulkteknik.se\/sv\/wp-json\/wp\/v2\/pages"}],"about":[{"href":"https:\/\/bulkteknik.se\/sv\/wp-json\/wp\/v2\/types\/page"}],"author":[{"embeddable":true,"href":"https:\/\/bulkteknik.se\/sv\/wp-json\/wp\/v2\/users\/1"}],"replies":[{"embeddable":true,"href":"https:\/\/bulkteknik.se\/sv\/wp-json\/wp\/v2\/comments?post=2"}],"version-history":[{"count":28,"href":"https:\/\/bulkteknik.se\/sv\/wp-json\/wp\/v2\/pages\/2\/revisions"}],"predecessor-version":[{"id":874,"href":"https:\/\/bulkteknik.se\/sv\/wp-json\/wp\/v2\/pages\/2\/revisions\/874"}],"wp:attachment":[{"href":"https:\/\/bulkteknik.se\/sv\/wp-json\/wp\/v2\/media?parent=2"}],"curies":[{"name":"wp","href":"https:\/\/api.w.org\/{rel}","templated":true}]}}