{"id":212,"date":"2022-08-29T15:44:14","date_gmt":"2022-08-29T13:44:14","guid":{"rendered":"https:\/\/bulkteknik.se\/?page_id=212"},"modified":"2025-03-25T11:57:21","modified_gmt":"2025-03-25T10:57:21","slug":"om-oss","status":"publish","type":"page","link":"https:\/\/bulkteknik.se\/sv\/om-oss\/","title":{"rendered":"Om oss"},"content":{"rendered":"","protected":false},"excerpt":{"rendered":"","protected":false},"author":1,"featured_media":0,"parent":0,"menu_order":0,"comment_status":"closed","ping_status":"closed","template":"","meta":{"inline_featured_image":false},"acf":[],"yoast_head":"<!-- This site is optimized with the Yoast SEO plugin v19.10 - https:\/\/yoast.com\/wordpress\/plugins\/seo\/ -->\n<title>Om oss, Vilka vi \u00e4r, Erfarenhet - Bulkteknik<\/title>\n<meta name=\"description\" content=\"Om oss p\u00e5 Bulkteknik i Lidk\u00f6ping. H\u00e4r hittar ni mer information om vilka vi \u00e4r och vad v\u00e5rt f\u00f6retag st\u00e5r f\u00f6r. V\u00e4lkommen till Bulkteknik.\" \/>\n<meta name=\"robots\" content=\"index, follow, max-snippet:-1, max-image-preview:large, max-video-preview:-1\" \/>\n<link rel=\"canonical\" href=\"https:\/\/bulkteknik.se\/sv\/om-oss\/\" \/>\n<meta property=\"og:locale\" content=\"sv_SE\" \/>\n<meta property=\"og:type\" content=\"article\" \/>\n<meta property=\"og:title\" content=\"Om oss, Vilka vi \u00e4r, Erfarenhet - Bulkteknik\" \/>\n<meta property=\"og:description\" content=\"Om oss p\u00e5 Bulkteknik i Lidk\u00f6ping. H\u00e4r hittar ni mer information om vilka vi \u00e4r och vad v\u00e5rt f\u00f6retag st\u00e5r f\u00f6r. V\u00e4lkommen till Bulkteknik.\" \/>\n<meta property=\"og:url\" content=\"https:\/\/bulkteknik.se\/sv\/om-oss\/\" \/>\n<meta property=\"og:site_name\" content=\"Bulkteknik\" \/>\n<meta property=\"article:modified_time\" content=\"2025-03-25T10:57:21+00:00\" \/>\n<meta name=\"twitter:card\" content=\"summary_large_image\" \/>\n<script type=\"application\/ld+json\" class=\"yoast-schema-graph\">{\"@context\":\"https:\/\/schema.org\",\"@graph\":[{\"@type\":\"WebPage\",\"@id\":\"https:\/\/bulkteknik.se\/sv\/om-oss\/\",\"url\":\"https:\/\/bulkteknik.se\/sv\/om-oss\/\",\"name\":\"Om oss, Vilka vi \u00e4r, Erfarenhet - Bulkteknik\",\"isPartOf\":{\"@id\":\"https:\/\/bulkteknik.se\/en\/#website\"},\"datePublished\":\"2022-08-29T13:44:14+00:00\",\"dateModified\":\"2025-03-25T10:57:21+00:00\",\"description\":\"Om oss p\u00e5 Bulkteknik i Lidk\u00f6ping. H\u00e4r hittar ni mer information om vilka vi \u00e4r och vad v\u00e5rt f\u00f6retag st\u00e5r f\u00f6r. V\u00e4lkommen till Bulkteknik.\",\"breadcrumb\":{\"@id\":\"https:\/\/bulkteknik.se\/sv\/om-oss\/#breadcrumb\"},\"inLanguage\":\"sv-SE\",\"potentialAction\":[{\"@type\":\"ReadAction\",\"target\":[\"https:\/\/bulkteknik.se\/sv\/om-oss\/\"]}]},{\"@type\":\"BreadcrumbList\",\"@id\":\"https:\/\/bulkteknik.se\/sv\/om-oss\/#breadcrumb\",\"itemListElement\":[{\"@type\":\"ListItem\",\"position\":1,\"name\":\"Home\",\"item\":\"https:\/\/bulkteknik.se\/sv\/\"},{\"@type\":\"ListItem\",\"position\":2,\"name\":\"Om oss\"}]},{\"@type\":\"WebSite\",\"@id\":\"https:\/\/bulkteknik.se\/en\/#website\",\"url\":\"https:\/\/bulkteknik.se\/en\/\",\"name\":\"Bulkteknik\",\"description\":\"Bulkmaterial\",\"potentialAction\":[{\"@type\":\"SearchAction\",\"target\":{\"@type\":\"EntryPoint\",\"urlTemplate\":\"https:\/\/bulkteknik.se\/en\/?s={search_term_string}\"},\"query-input\":\"required name=search_term_string\"}],\"inLanguage\":\"sv-SE\"}]}<\/script>\n<!-- \/ Yoast SEO plugin. -->","yoast_head_json":{"title":"Om oss, Vilka vi \u00e4r, Erfarenhet - Bulkteknik","description":"Om oss p\u00e5 Bulkteknik i Lidk\u00f6ping. H\u00e4r hittar ni mer information om vilka vi \u00e4r och vad v\u00e5rt f\u00f6retag st\u00e5r f\u00f6r. V\u00e4lkommen till Bulkteknik.","robots":{"index":"index","follow":"follow","max-snippet":"max-snippet:-1","max-image-preview":"max-image-preview:large","max-video-preview":"max-video-preview:-1"},"canonical":"https:\/\/bulkteknik.se\/sv\/om-oss\/","og_locale":"sv_SE","og_type":"article","og_title":"Om oss, Vilka vi \u00e4r, Erfarenhet - Bulkteknik","og_description":"Om oss p\u00e5 Bulkteknik i Lidk\u00f6ping. H\u00e4r hittar ni mer information om vilka vi \u00e4r och vad v\u00e5rt f\u00f6retag st\u00e5r f\u00f6r. V\u00e4lkommen till Bulkteknik.","og_url":"https:\/\/bulkteknik.se\/sv\/om-oss\/","og_site_name":"Bulkteknik","article_modified_time":"2025-03-25T10:57:21+00:00","twitter_card":"summary_large_image","schema":{"@context":"https:\/\/schema.org","@graph":[{"@type":"WebPage","@id":"https:\/\/bulkteknik.se\/sv\/om-oss\/","url":"https:\/\/bulkteknik.se\/sv\/om-oss\/","name":"Om oss, Vilka vi \u00e4r, Erfarenhet - Bulkteknik","isPartOf":{"@id":"https:\/\/bulkteknik.se\/en\/#website"},"datePublished":"2022-08-29T13:44:14+00:00","dateModified":"2025-03-25T10:57:21+00:00","description":"Om oss p\u00e5 Bulkteknik i Lidk\u00f6ping. H\u00e4r hittar ni mer information om vilka vi \u00e4r och vad v\u00e5rt f\u00f6retag st\u00e5r f\u00f6r. V\u00e4lkommen till Bulkteknik.","breadcrumb":{"@id":"https:\/\/bulkteknik.se\/sv\/om-oss\/#breadcrumb"},"inLanguage":"sv-SE","potentialAction":[{"@type":"ReadAction","target":["https:\/\/bulkteknik.se\/sv\/om-oss\/"]}]},{"@type":"BreadcrumbList","@id":"https:\/\/bulkteknik.se\/sv\/om-oss\/#breadcrumb","itemListElement":[{"@type":"ListItem","position":1,"name":"Home","item":"https:\/\/bulkteknik.se\/sv\/"},{"@type":"ListItem","position":2,"name":"Om oss"}]},{"@type":"WebSite","@id":"https:\/\/bulkteknik.se\/en\/#website","url":"https:\/\/bulkteknik.se\/en\/","name":"Bulkteknik","description":"Bulkmaterial","potentialAction":[{"@type":"SearchAction","target":{"@type":"EntryPoint","urlTemplate":"https:\/\/bulkteknik.se\/en\/?s={search_term_string}"},"query-input":"required name=search_term_string"}],"inLanguage":"sv-SE"}]}},"_links":{"self":[{"href":"https:\/\/bulkteknik.se\/sv\/wp-json\/wp\/v2\/pages\/212"}],"collection":[{"href":"https:\/\/bulkteknik.se\/sv\/wp-json\/wp\/v2\/pages"}],"about":[{"href":"https:\/\/bulkteknik.se\/sv\/wp-json\/wp\/v2\/types\/page"}],"author":[{"embeddable":true,"href":"https:\/\/bulkteknik.se\/sv\/wp-json\/wp\/v2\/users\/1"}],"replies":[{"embeddable":true,"href":"https:\/\/bulkteknik.se\/sv\/wp-json\/wp\/v2\/comments?post=212"}],"version-history":[{"count":13,"href":"https:\/\/bulkteknik.se\/sv\/wp-json\/wp\/v2\/pages\/212\/revisions"}],"predecessor-version":[{"id":889,"href":"https:\/\/bulkteknik.se\/sv\/wp-json\/wp\/v2\/pages\/212\/revisions\/889"}],"wp:attachment":[{"href":"https:\/\/bulkteknik.se\/sv\/wp-json\/wp\/v2\/media?parent=212"}],"curies":[{"name":"wp","href":"https:\/\/api.w.org\/{rel}","templated":true}]}}