{"id":220,"date":"2022-08-29T15:50:00","date_gmt":"2022-08-29T13:50:00","guid":{"rendered":"https:\/\/bulkteknik.se\/?page_id=220"},"modified":"2025-02-07T08:28:36","modified_gmt":"2025-02-07T07:28:36","slug":"kontakt","status":"publish","type":"page","link":"https:\/\/bulkteknik.se\/sv\/kontakt\/","title":{"rendered":"Kontakt"},"content":{"rendered":"","protected":false},"excerpt":{"rendered":"","protected":false},"author":1,"featured_media":0,"parent":0,"menu_order":0,"comment_status":"closed","ping_status":"closed","template":"","meta":{"inline_featured_image":false},"acf":[],"yoast_head":"<!-- This site is optimized with the Yoast SEO plugin v19.10 - https:\/\/yoast.com\/wordpress\/plugins\/seo\/ -->\n<title>Kontakt, Kontakta oss, Kontaktinformation - Bulkteknik<\/title>\n<meta name=\"description\" content=\"Kontakt och v\u00e5ra kontaktuppgifter och kontaktpersoner hittar ni h\u00e4r. V\u00e4lkommen att kontakt oss p\u00e5 Bulkteknik i Lidk\u00f6ping.\" \/>\n<meta name=\"robots\" content=\"index, follow, max-snippet:-1, max-image-preview:large, max-video-preview:-1\" \/>\n<link rel=\"canonical\" href=\"https:\/\/bulkteknik.se\/sv\/kontakt\/\" \/>\n<meta property=\"og:locale\" content=\"sv_SE\" \/>\n<meta property=\"og:type\" content=\"article\" \/>\n<meta property=\"og:title\" content=\"Kontakt, Kontakta oss, Kontaktinformation - Bulkteknik\" \/>\n<meta property=\"og:description\" content=\"Kontakt och v\u00e5ra kontaktuppgifter och kontaktpersoner hittar ni h\u00e4r. V\u00e4lkommen att kontakt oss p\u00e5 Bulkteknik i Lidk\u00f6ping.\" \/>\n<meta property=\"og:url\" content=\"https:\/\/bulkteknik.se\/sv\/kontakt\/\" \/>\n<meta property=\"og:site_name\" content=\"Bulkteknik\" \/>\n<meta property=\"article:modified_time\" content=\"2025-02-07T07:28:36+00:00\" \/>\n<meta name=\"twitter:card\" content=\"summary_large_image\" \/>\n<script type=\"application\/ld+json\" class=\"yoast-schema-graph\">{\"@context\":\"https:\/\/schema.org\",\"@graph\":[{\"@type\":\"WebPage\",\"@id\":\"https:\/\/bulkteknik.se\/sv\/kontakt\/\",\"url\":\"https:\/\/bulkteknik.se\/sv\/kontakt\/\",\"name\":\"Kontakt, Kontakta oss, Kontaktinformation - Bulkteknik\",\"isPartOf\":{\"@id\":\"https:\/\/bulkteknik.se\/en\/#website\"},\"datePublished\":\"2022-08-29T13:50:00+00:00\",\"dateModified\":\"2025-02-07T07:28:36+00:00\",\"description\":\"Kontakt och v\u00e5ra kontaktuppgifter och kontaktpersoner hittar ni h\u00e4r. V\u00e4lkommen att kontakt oss p\u00e5 Bulkteknik i Lidk\u00f6ping.\",\"breadcrumb\":{\"@id\":\"https:\/\/bulkteknik.se\/sv\/kontakt\/#breadcrumb\"},\"inLanguage\":\"sv-SE\",\"potentialAction\":[{\"@type\":\"ReadAction\",\"target\":[\"https:\/\/bulkteknik.se\/sv\/kontakt\/\"]}]},{\"@type\":\"BreadcrumbList\",\"@id\":\"https:\/\/bulkteknik.se\/sv\/kontakt\/#breadcrumb\",\"itemListElement\":[{\"@type\":\"ListItem\",\"position\":1,\"name\":\"Home\",\"item\":\"https:\/\/bulkteknik.se\/sv\/\"},{\"@type\":\"ListItem\",\"position\":2,\"name\":\"Kontakt\"}]},{\"@type\":\"WebSite\",\"@id\":\"https:\/\/bulkteknik.se\/en\/#website\",\"url\":\"https:\/\/bulkteknik.se\/en\/\",\"name\":\"Bulkteknik\",\"description\":\"Bulkmaterial\",\"potentialAction\":[{\"@type\":\"SearchAction\",\"target\":{\"@type\":\"EntryPoint\",\"urlTemplate\":\"https:\/\/bulkteknik.se\/en\/?s={search_term_string}\"},\"query-input\":\"required name=search_term_string\"}],\"inLanguage\":\"sv-SE\"}]}<\/script>\n<!-- \/ Yoast SEO plugin. -->","yoast_head_json":{"title":"Kontakt, Kontakta oss, Kontaktinformation - Bulkteknik","description":"Kontakt och v\u00e5ra kontaktuppgifter och kontaktpersoner hittar ni h\u00e4r. V\u00e4lkommen att kontakt oss p\u00e5 Bulkteknik i Lidk\u00f6ping.","robots":{"index":"index","follow":"follow","max-snippet":"max-snippet:-1","max-image-preview":"max-image-preview:large","max-video-preview":"max-video-preview:-1"},"canonical":"https:\/\/bulkteknik.se\/sv\/kontakt\/","og_locale":"sv_SE","og_type":"article","og_title":"Kontakt, Kontakta oss, Kontaktinformation - Bulkteknik","og_description":"Kontakt och v\u00e5ra kontaktuppgifter och kontaktpersoner hittar ni h\u00e4r. V\u00e4lkommen att kontakt oss p\u00e5 Bulkteknik i Lidk\u00f6ping.","og_url":"https:\/\/bulkteknik.se\/sv\/kontakt\/","og_site_name":"Bulkteknik","article_modified_time":"2025-02-07T07:28:36+00:00","twitter_card":"summary_large_image","schema":{"@context":"https:\/\/schema.org","@graph":[{"@type":"WebPage","@id":"https:\/\/bulkteknik.se\/sv\/kontakt\/","url":"https:\/\/bulkteknik.se\/sv\/kontakt\/","name":"Kontakt, Kontakta oss, Kontaktinformation - Bulkteknik","isPartOf":{"@id":"https:\/\/bulkteknik.se\/en\/#website"},"datePublished":"2022-08-29T13:50:00+00:00","dateModified":"2025-02-07T07:28:36+00:00","description":"Kontakt och v\u00e5ra kontaktuppgifter och kontaktpersoner hittar ni h\u00e4r. V\u00e4lkommen att kontakt oss p\u00e5 Bulkteknik i Lidk\u00f6ping.","breadcrumb":{"@id":"https:\/\/bulkteknik.se\/sv\/kontakt\/#breadcrumb"},"inLanguage":"sv-SE","potentialAction":[{"@type":"ReadAction","target":["https:\/\/bulkteknik.se\/sv\/kontakt\/"]}]},{"@type":"BreadcrumbList","@id":"https:\/\/bulkteknik.se\/sv\/kontakt\/#breadcrumb","itemListElement":[{"@type":"ListItem","position":1,"name":"Home","item":"https:\/\/bulkteknik.se\/sv\/"},{"@type":"ListItem","position":2,"name":"Kontakt"}]},{"@type":"WebSite","@id":"https:\/\/bulkteknik.se\/en\/#website","url":"https:\/\/bulkteknik.se\/en\/","name":"Bulkteknik","description":"Bulkmaterial","potentialAction":[{"@type":"SearchAction","target":{"@type":"EntryPoint","urlTemplate":"https:\/\/bulkteknik.se\/en\/?s={search_term_string}"},"query-input":"required name=search_term_string"}],"inLanguage":"sv-SE"}]}},"_links":{"self":[{"href":"https:\/\/bulkteknik.se\/sv\/wp-json\/wp\/v2\/pages\/220"}],"collection":[{"href":"https:\/\/bulkteknik.se\/sv\/wp-json\/wp\/v2\/pages"}],"about":[{"href":"https:\/\/bulkteknik.se\/sv\/wp-json\/wp\/v2\/types\/page"}],"author":[{"embeddable":true,"href":"https:\/\/bulkteknik.se\/sv\/wp-json\/wp\/v2\/users\/1"}],"replies":[{"embeddable":true,"href":"https:\/\/bulkteknik.se\/sv\/wp-json\/wp\/v2\/comments?post=220"}],"version-history":[{"count":19,"href":"https:\/\/bulkteknik.se\/sv\/wp-json\/wp\/v2\/pages\/220\/revisions"}],"predecessor-version":[{"id":882,"href":"https:\/\/bulkteknik.se\/sv\/wp-json\/wp\/v2\/pages\/220\/revisions\/882"}],"wp:attachment":[{"href":"https:\/\/bulkteknik.se\/sv\/wp-json\/wp\/v2\/media?parent=220"}],"curies":[{"name":"wp","href":"https:\/\/api.w.org\/{rel}","templated":true}]}}